{"id":22737,"date":"2021-11-17T11:26:04","date_gmt":"2021-11-17T11:26:04","guid":{"rendered":"https:\/\/onesuch.be\/produit\/p-g-rose-bay-candle\/"},"modified":"2023-03-02T15:02:14","modified_gmt":"2023-03-02T15:02:14","slug":"p-g-rose-bay-candle","status":"publish","type":"product","link":"https:\/\/onesuch.be\/en\/produit\/p-g-rose-bay-candle\/","title":{"rendered":"P.G Rose Bay Candle"},"content":{"rendered":"","protected":false},"excerpt":{"rendered":"<p><span id=\"p50\">Chaque bougie est unique !<\/span><span id=\"p51\">\u00a0Laissez-vous surprendre par notre cr\u00e9ativit\u00e9 et l&#8217;intensit\u00e9 des couleurs.<\/span><br \/>\n<span id=\"p53\">D\u00e9couvrez notre bougie Pure\u00a0<span id=\"62\" class=\"s-rg-t\">Grey<\/span>\u00a0pour un int\u00e9rieur brut et chaleureux.<\/span><\/p>\n<p><span id=\"p54\">Les bougies\u00a0<span id=\"63\" class=\"s-rg-t\">Terrae<\/span>\u00a0sont \u00e0 base de cire de soja\u00a0100 %\u00a0v\u00e9g\u00e9tale que l&#8217;on coule dans un contenant design en b\u00e9ton cr\u00e9\u00e9 de nos propres mains et\u00a0r\u00e9utilisables\u00a0\u00e0 des fins d\u00e9coratives.<\/span><\/p>\n<p><span id=\"p73\">Et notre parfum &#8220;Baie de Rose&#8221; qui d\u00e9gage une senteur fra\u00eeche et fleurie.<\/span><span id=\"p59\">\u00a0Ces parfums issus de Grasse, la capitale du parfum, sont qualitatifs,\u00a0subtils, agr\u00e9ables et non-toxiques ce qui implique qu&#8217;ils ne contiennent pas de substances\u00a0<span id=\"70\" class=\"s-rg-t\">CMR<\/span>\u00a0<span id=\"p72\">(canc\u00e9rog\u00e8nes, Mutag\u00e8nes, toxiques pour la Reproduction)<\/span>\u00a0et sont sans phtalates\u00a0<span id=\"p55\">(nocifs pour tout ce qui se rapporte \u00e0 la fertilit\u00e9)<\/span>.<\/span><span id=\"p60\"><\/span><br \/>\n<span id=\"p61\">Nous proposons \u00e9galement nos bougies sans parfums pour ceux qui d\u00e9sirent simplement profiter de leur design lors d&#8217;un moment chaleureux.<\/span><\/p>\n","protected":false},"featured_media":21653,"comment_status":"open","ping_status":"closed","template":"","meta":{"_seopress_robots_primary_cat":"none","_seopress_titles_title":"","_seopress_titles_desc":"","_seopress_robots_index":""},"product_brand":[],"product_cat":[453],"product_tag":[448],"class_list":{"0":"post-22737","1":"product","2":"type-product","3":"status-publish","4":"has-post-thumbnail","6":"product_cat-terrae-en","7":"product_tag-terrae-en","9":"first","10":"instock","11":"taxable","12":"shipping-taxable","13":"purchasable","14":"product-type-simple"},"_links":{"self":[{"href":"https:\/\/onesuch.be\/en\/wp-json\/wp\/v2\/product\/22737","targetHints":{"allow":["GET"]}}],"collection":[{"href":"https:\/\/onesuch.be\/en\/wp-json\/wp\/v2\/product"}],"about":[{"href":"https:\/\/onesuch.be\/en\/wp-json\/wp\/v2\/types\/product"}],"replies":[{"embeddable":true,"href":"https:\/\/onesuch.be\/en\/wp-json\/wp\/v2\/comments?post=22737"}],"wp:featuredmedia":[{"embeddable":true,"href":"https:\/\/onesuch.be\/en\/wp-json\/wp\/v2\/media\/21653"}],"wp:attachment":[{"href":"https:\/\/onesuch.be\/en\/wp-json\/wp\/v2\/media?parent=22737"}],"wp:term":[{"taxonomy":"product_brand","embeddable":true,"href":"https:\/\/onesuch.be\/en\/wp-json\/wp\/v2\/product_brand?post=22737"},{"taxonomy":"product_cat","embeddable":true,"href":"https:\/\/onesuch.be\/en\/wp-json\/wp\/v2\/product_cat?post=22737"},{"taxonomy":"product_tag","embeddable":true,"href":"https:\/\/onesuch.be\/en\/wp-json\/wp\/v2\/product_tag?post=22737"}],"curies":[{"name":"wp","href":"https:\/\/api.w.org\/{rel}","templated":true}]}}